{"id":13,"date":"2013-11-08T17:58:02","date_gmt":"2013-11-08T17:58:02","guid":{"rendered":"http:\/\/localhost\/webempresa\/packwordpress\/atlas\/?page_id=13"},"modified":"2018-09-15T18:53:25","modified_gmt":"2018-09-15T18:53:25","slug":"contacto","status":"publish","type":"page","link":"https:\/\/uninomadasur.net\/?page_id=13","title":{"rendered":"Contacto"},"content":{"rendered":"<p><img loading=\"lazy\" decoding=\"async\" class=\"size-medium wp-image-109 alignright\" src=\"http:\/\/uninomadasur.net\/wp-content\/uploads\/2018\/08\/Captura-de-pantalla-2018-08-31-a-las-10.27.51-300x231.png\" alt=\"\" width=\"300\" height=\"231\" srcset=\"https:\/\/uninomadasur.net\/wp-content\/uploads\/2018\/08\/Captura-de-pantalla-2018-08-31-a-las-10.27.51-300x231.png 300w, https:\/\/uninomadasur.net\/wp-content\/uploads\/2018\/08\/Captura-de-pantalla-2018-08-31-a-las-10.27.51.png 389w\" sizes=\"(max-width: 300px) 100vw, 300px\" \/>En breve dispondremos en este apartado de un formulario de inscripci\u00f3n que le posibilitar\u00e1 recibir de forma autom\u00e1tica la agenda de actividades y la actualizaci\u00f3n de publicaciones realizadas por la Universidad N\u00f3mada Sur, as\u00ed como un mail de contacto.<\/p>\n<p>&nbsp;<\/p>\n","protected":false},"excerpt":{"rendered":"<p>En breve dispondremos en este apartado de un formulario de inscripci\u00f3n que le posibilitar\u00e1 recibir de forma autom\u00e1tica la agenda de actividades y la actualizaci\u00f3n de publicaciones realizadas por la Universidad N\u00f3mada Sur, as\u00ed como un mail de contacto. &nbsp;<\/p>\n","protected":false},"author":1,"featured_media":-1,"parent":0,"menu_order":0,"comment_status":"closed","ping_status":"closed","template":"","meta":{"jetpack_post_was_ever_published":false,"footnotes":""},"class_list":["post-13","page","type-page","status-publish","has-post-thumbnail","hentry"],"yoast_head":"<!-- This site is optimized with the Yoast SEO plugin v23.4 - https:\/\/yoast.com\/wordpress\/plugins\/seo\/ -->\n<title>Contacto - UninomadaSUR<\/title>\n<meta name=\"robots\" content=\"index, follow, max-snippet:-1, max-image-preview:large, max-video-preview:-1\" \/>\n<link rel=\"canonical\" href=\"https:\/\/uninomadasur.net\/?page_id=13\" \/>\n<meta property=\"og:locale\" content=\"es_ES\" \/>\n<meta property=\"og:type\" content=\"article\" \/>\n<meta property=\"og:title\" content=\"Contacto - UninomadaSUR\" \/>\n<meta property=\"og:description\" content=\"En breve dispondremos en este apartado de un formulario de inscripci\u00f3n que le posibilitar\u00e1 recibir de forma autom\u00e1tica la agenda de actividades y la actualizaci\u00f3n de publicaciones realizadas por la Universidad N\u00f3mada Sur, as\u00ed como un mail de contacto. &nbsp;\" \/>\n<meta property=\"og:url\" content=\"https:\/\/uninomadasur.net\/?page_id=13\" \/>\n<meta property=\"og:site_name\" content=\"UninomadaSUR\" \/>\n<meta property=\"article:modified_time\" content=\"2018-09-15T18:53:25+00:00\" \/>\n<meta name=\"twitter:card\" content=\"summary_large_image\" \/>\n<script type=\"application\/ld+json\" class=\"yoast-schema-graph\">{\"@context\":\"https:\/\/schema.org\",\"@graph\":[{\"@type\":\"WebPage\",\"@id\":\"https:\/\/uninomadasur.net\/?page_id=13\",\"url\":\"https:\/\/uninomadasur.net\/?page_id=13\",\"name\":\"Contacto - UninomadaSUR\",\"isPartOf\":{\"@id\":\"https:\/\/uninomadasur.net\/#website\"},\"primaryImageOfPage\":{\"@id\":\"https:\/\/uninomadasur.net\/?page_id=13#primaryimage\"},\"image\":{\"@id\":\"https:\/\/uninomadasur.net\/?page_id=13#primaryimage\"},\"thumbnailUrl\":\"http:\/\/uninomadasur.net\/wp-content\/uploads\/2018\/08\/Captura-de-pantalla-2018-08-31-a-las-10.27.51-300x231.png\",\"datePublished\":\"2013-11-08T17:58:02+00:00\",\"dateModified\":\"2018-09-15T18:53:25+00:00\",\"breadcrumb\":{\"@id\":\"https:\/\/uninomadasur.net\/?page_id=13#breadcrumb\"},\"inLanguage\":\"es\",\"potentialAction\":[{\"@type\":\"ReadAction\",\"target\":[\"https:\/\/uninomadasur.net\/?page_id=13\"]}]},{\"@type\":\"ImageObject\",\"inLanguage\":\"es\",\"@id\":\"https:\/\/uninomadasur.net\/?page_id=13#primaryimage\",\"url\":\"https:\/\/uninomadasur.net\/wp-content\/uploads\/2018\/08\/Captura-de-pantalla-2018-08-31-a-las-10.27.51.png\",\"contentUrl\":\"https:\/\/uninomadasur.net\/wp-content\/uploads\/2018\/08\/Captura-de-pantalla-2018-08-31-a-las-10.27.51.png\",\"width\":389,\"height\":299},{\"@type\":\"BreadcrumbList\",\"@id\":\"https:\/\/uninomadasur.net\/?page_id=13#breadcrumb\",\"itemListElement\":[{\"@type\":\"ListItem\",\"position\":1,\"name\":\"Inicio\",\"item\":\"https:\/\/uninomadasur.net\/\"},{\"@type\":\"ListItem\",\"position\":2,\"name\":\"Contacto\"}]},{\"@type\":\"WebSite\",\"@id\":\"https:\/\/uninomadasur.net\/#website\",\"url\":\"https:\/\/uninomadasur.net\/\",\"name\":\"UninomadaSUR\",\"description\":\"UninomadaSUR\",\"publisher\":{\"@id\":\"https:\/\/uninomadasur.net\/#organization\"},\"potentialAction\":[{\"@type\":\"SearchAction\",\"target\":{\"@type\":\"EntryPoint\",\"urlTemplate\":\"https:\/\/uninomadasur.net\/?s={search_term_string}\"},\"query-input\":{\"@type\":\"PropertyValueSpecification\",\"valueRequired\":true,\"valueName\":\"search_term_string\"}}],\"inLanguage\":\"es\"},{\"@type\":\"Organization\",\"@id\":\"https:\/\/uninomadasur.net\/#organization\",\"name\":\"UninomadaSUR\",\"url\":\"https:\/\/uninomadasur.net\/\",\"logo\":{\"@type\":\"ImageObject\",\"inLanguage\":\"es\",\"@id\":\"https:\/\/uninomadasur.net\/#\/schema\/logo\/image\/\",\"url\":\"https:\/\/uninomadasur.net\/wp-content\/uploads\/2018\/09\/uni-logo.png\",\"contentUrl\":\"https:\/\/uninomadasur.net\/wp-content\/uploads\/2018\/09\/uni-logo.png\",\"width\":260,\"height\":94,\"caption\":\"UninomadaSUR\"},\"image\":{\"@id\":\"https:\/\/uninomadasur.net\/#\/schema\/logo\/image\/\"}}]}<\/script>\n<!-- \/ Yoast SEO plugin. -->","yoast_head_json":{"title":"Contacto - UninomadaSUR","robots":{"index":"index","follow":"follow","max-snippet":"max-snippet:-1","max-image-preview":"max-image-preview:large","max-video-preview":"max-video-preview:-1"},"canonical":"https:\/\/uninomadasur.net\/?page_id=13","og_locale":"es_ES","og_type":"article","og_title":"Contacto - UninomadaSUR","og_description":"En breve dispondremos en este apartado de un formulario de inscripci\u00f3n que le posibilitar\u00e1 recibir de forma autom\u00e1tica la agenda de actividades y la actualizaci\u00f3n de publicaciones realizadas por la Universidad N\u00f3mada Sur, as\u00ed como un mail de contacto. &nbsp;","og_url":"https:\/\/uninomadasur.net\/?page_id=13","og_site_name":"UninomadaSUR","article_modified_time":"2018-09-15T18:53:25+00:00","twitter_card":"summary_large_image","schema":{"@context":"https:\/\/schema.org","@graph":[{"@type":"WebPage","@id":"https:\/\/uninomadasur.net\/?page_id=13","url":"https:\/\/uninomadasur.net\/?page_id=13","name":"Contacto - UninomadaSUR","isPartOf":{"@id":"https:\/\/uninomadasur.net\/#website"},"primaryImageOfPage":{"@id":"https:\/\/uninomadasur.net\/?page_id=13#primaryimage"},"image":{"@id":"https:\/\/uninomadasur.net\/?page_id=13#primaryimage"},"thumbnailUrl":"http:\/\/uninomadasur.net\/wp-content\/uploads\/2018\/08\/Captura-de-pantalla-2018-08-31-a-las-10.27.51-300x231.png","datePublished":"2013-11-08T17:58:02+00:00","dateModified":"2018-09-15T18:53:25+00:00","breadcrumb":{"@id":"https:\/\/uninomadasur.net\/?page_id=13#breadcrumb"},"inLanguage":"es","potentialAction":[{"@type":"ReadAction","target":["https:\/\/uninomadasur.net\/?page_id=13"]}]},{"@type":"ImageObject","inLanguage":"es","@id":"https:\/\/uninomadasur.net\/?page_id=13#primaryimage","url":"https:\/\/uninomadasur.net\/wp-content\/uploads\/2018\/08\/Captura-de-pantalla-2018-08-31-a-las-10.27.51.png","contentUrl":"https:\/\/uninomadasur.net\/wp-content\/uploads\/2018\/08\/Captura-de-pantalla-2018-08-31-a-las-10.27.51.png","width":389,"height":299},{"@type":"BreadcrumbList","@id":"https:\/\/uninomadasur.net\/?page_id=13#breadcrumb","itemListElement":[{"@type":"ListItem","position":1,"name":"Inicio","item":"https:\/\/uninomadasur.net\/"},{"@type":"ListItem","position":2,"name":"Contacto"}]},{"@type":"WebSite","@id":"https:\/\/uninomadasur.net\/#website","url":"https:\/\/uninomadasur.net\/","name":"UninomadaSUR","description":"UninomadaSUR","publisher":{"@id":"https:\/\/uninomadasur.net\/#organization"},"potentialAction":[{"@type":"SearchAction","target":{"@type":"EntryPoint","urlTemplate":"https:\/\/uninomadasur.net\/?s={search_term_string}"},"query-input":{"@type":"PropertyValueSpecification","valueRequired":true,"valueName":"search_term_string"}}],"inLanguage":"es"},{"@type":"Organization","@id":"https:\/\/uninomadasur.net\/#organization","name":"UninomadaSUR","url":"https:\/\/uninomadasur.net\/","logo":{"@type":"ImageObject","inLanguage":"es","@id":"https:\/\/uninomadasur.net\/#\/schema\/logo\/image\/","url":"https:\/\/uninomadasur.net\/wp-content\/uploads\/2018\/09\/uni-logo.png","contentUrl":"https:\/\/uninomadasur.net\/wp-content\/uploads\/2018\/09\/uni-logo.png","width":260,"height":94,"caption":"UninomadaSUR"},"image":{"@id":"https:\/\/uninomadasur.net\/#\/schema\/logo\/image\/"}}]}},"jetpack_sharing_enabled":true,"jetpack_shortlink":"https:\/\/wp.me\/PaDeUS-d","_links":{"self":[{"href":"https:\/\/uninomadasur.net\/index.php?rest_route=\/wp\/v2\/pages\/13"}],"collection":[{"href":"https:\/\/uninomadasur.net\/index.php?rest_route=\/wp\/v2\/pages"}],"about":[{"href":"https:\/\/uninomadasur.net\/index.php?rest_route=\/wp\/v2\/types\/page"}],"author":[{"embeddable":true,"href":"https:\/\/uninomadasur.net\/index.php?rest_route=\/wp\/v2\/users\/1"}],"replies":[{"embeddable":true,"href":"https:\/\/uninomadasur.net\/index.php?rest_route=%2Fwp%2Fv2%2Fcomments&post=13"}],"version-history":[{"count":3,"href":"https:\/\/uninomadasur.net\/index.php?rest_route=\/wp\/v2\/pages\/13\/revisions"}],"predecessor-version":[{"id":150,"href":"https:\/\/uninomadasur.net\/index.php?rest_route=\/wp\/v2\/pages\/13\/revisions\/150"}],"wp:featuredmedia":[{"embeddable":true,"href":"https:\/\/uninomadasur.net\/index.php?rest_route=\/"}],"wp:attachment":[{"href":"https:\/\/uninomadasur.net\/index.php?rest_route=%2Fwp%2Fv2%2Fmedia&parent=13"}],"curies":[{"name":"wp","href":"https:\/\/api.w.org\/{rel}","templated":true}]}}