{"id":35,"date":"2013-11-11T11:03:41","date_gmt":"2013-11-11T11:03:41","guid":{"rendered":"http:\/\/localhost\/webempresa\/packwordpress\/atlas\/?page_id=35"},"modified":"2017-04-09T21:34:35","modified_gmt":"2017-04-09T21:34:35","slug":"politica-de-privacidad","status":"publish","type":"page","link":"https:\/\/uninomadasur.net\/?page_id=35","title":{"rendered":"Pol\u00edtica de privacidad"},"content":{"rendered":"<p>Toda comunicaci\u00f3n con XXXXXXXXXXXXXXXX por cualquier medio o a trav\u00e9s de su direcci\u00f3n de correo electr\u00f3nico, o de los formularios presentes en este &#8216;web site&#8217; o a su &#8216;e-mail&#8217;, supone el consentimiento expreso para que sus datos personales sean incorporados a ficheros titularidad de XXXXXXXXXXXXXXXX, cuya direcci\u00f3n es XXXXXXXXXXXXXXXXXXXXXXXXXXXX.<\/p>\n<p>Estos datos de car\u00e1cter personal ser\u00e1n tratados conforme a lo dispuesto en la Ley Org\u00e1nica 15\/1999, de 13 de diciembre, de Protecci\u00f3n de Datos de Car\u00e1cter Personal.<\/p>\n<p>Por tanto, el interesado podr\u00e1 ejercer derecho de acceso, rectificaci\u00f3n, cancelaci\u00f3n y oposici\u00f3n con respecto a los datos personales que consten en los expresados ficheros, pudiendo revocar su consentimiento por escrito en cualquier momento.<\/p>\n<p>Para ello lo podr\u00e1n hacer mediante comunicaci\u00f3n escrita dirigida a:<\/p>\n<p>XXXXXXXXXXXXXXXX<br \/>\nC\/ XXXXXXXXXXXX<br \/>\nC.P. XXXXX XXXXXXXX &#8211; XXXXX<br \/>\nTel\u00e9fono: +34 XXX XXXX XX<br \/>\nFax: +34 XXX XXXX XX<\/p>\n","protected":false},"excerpt":{"rendered":"<p>Toda comunicaci\u00f3n con XXXXXXXXXXXXXXXX por cualquier medio o a trav\u00e9s de su direcci\u00f3n de correo electr\u00f3nico, o de los formularios presentes en este &#8216;web site&#8217; o a su &#8216;e-mail&#8217;, supone el consentimiento expreso para que sus datos personales sean incorporados a ficheros titularidad de XXXXXXXXXXXXXXXX, cuya direcci\u00f3n es XXXXXXXXXXXXXXXXXXXXXXXXXXXX. Estos datos de car\u00e1cter personal ser\u00e1n [&hellip;]<\/p>\n","protected":false},"author":1,"featured_media":0,"parent":0,"menu_order":0,"comment_status":"closed","ping_status":"closed","template":"","meta":{"jetpack_post_was_ever_published":false,"footnotes":""},"class_list":["post-35","page","type-page","status-publish","hentry"],"yoast_head":"<!-- This site is optimized with the Yoast SEO plugin v23.4 - https:\/\/yoast.com\/wordpress\/plugins\/seo\/ -->\n<title>Pol\u00edtica de privacidad - UninomadaSUR<\/title>\n<meta name=\"robots\" content=\"index, follow, max-snippet:-1, max-image-preview:large, max-video-preview:-1\" \/>\n<link rel=\"canonical\" href=\"https:\/\/uninomadasur.net\/?page_id=35\" \/>\n<meta property=\"og:locale\" content=\"es_ES\" \/>\n<meta property=\"og:type\" content=\"article\" \/>\n<meta property=\"og:title\" content=\"Pol\u00edtica de privacidad - UninomadaSUR\" \/>\n<meta property=\"og:description\" content=\"Toda comunicaci\u00f3n con XXXXXXXXXXXXXXXX por cualquier medio o a trav\u00e9s de su direcci\u00f3n de correo electr\u00f3nico, o de los formularios presentes en este &#8216;web site&#8217; o a su &#8216;e-mail&#8217;, supone el consentimiento expreso para que sus datos personales sean incorporados a ficheros titularidad de XXXXXXXXXXXXXXXX, cuya direcci\u00f3n es XXXXXXXXXXXXXXXXXXXXXXXXXXXX. Estos datos de car\u00e1cter personal ser\u00e1n [&hellip;]\" \/>\n<meta property=\"og:url\" content=\"https:\/\/uninomadasur.net\/?page_id=35\" \/>\n<meta property=\"og:site_name\" content=\"UninomadaSUR\" \/>\n<meta property=\"article:modified_time\" content=\"2017-04-09T21:34:35+00:00\" \/>\n<meta name=\"twitter:card\" content=\"summary_large_image\" \/>\n<meta name=\"twitter:label1\" content=\"Tiempo de lectura\" \/>\n\t<meta name=\"twitter:data1\" content=\"1 minuto\" \/>\n<script type=\"application\/ld+json\" class=\"yoast-schema-graph\">{\"@context\":\"https:\/\/schema.org\",\"@graph\":[{\"@type\":\"WebPage\",\"@id\":\"https:\/\/uninomadasur.net\/?page_id=35\",\"url\":\"https:\/\/uninomadasur.net\/?page_id=35\",\"name\":\"Pol\u00edtica de privacidad - UninomadaSUR\",\"isPartOf\":{\"@id\":\"https:\/\/uninomadasur.net\/#website\"},\"datePublished\":\"2013-11-11T11:03:41+00:00\",\"dateModified\":\"2017-04-09T21:34:35+00:00\",\"breadcrumb\":{\"@id\":\"https:\/\/uninomadasur.net\/?page_id=35#breadcrumb\"},\"inLanguage\":\"es\",\"potentialAction\":[{\"@type\":\"ReadAction\",\"target\":[\"https:\/\/uninomadasur.net\/?page_id=35\"]}]},{\"@type\":\"BreadcrumbList\",\"@id\":\"https:\/\/uninomadasur.net\/?page_id=35#breadcrumb\",\"itemListElement\":[{\"@type\":\"ListItem\",\"position\":1,\"name\":\"Inicio\",\"item\":\"https:\/\/uninomadasur.net\/\"},{\"@type\":\"ListItem\",\"position\":2,\"name\":\"Pol\u00edtica de privacidad\"}]},{\"@type\":\"WebSite\",\"@id\":\"https:\/\/uninomadasur.net\/#website\",\"url\":\"https:\/\/uninomadasur.net\/\",\"name\":\"UninomadaSUR\",\"description\":\"UninomadaSUR\",\"publisher\":{\"@id\":\"https:\/\/uninomadasur.net\/#organization\"},\"potentialAction\":[{\"@type\":\"SearchAction\",\"target\":{\"@type\":\"EntryPoint\",\"urlTemplate\":\"https:\/\/uninomadasur.net\/?s={search_term_string}\"},\"query-input\":{\"@type\":\"PropertyValueSpecification\",\"valueRequired\":true,\"valueName\":\"search_term_string\"}}],\"inLanguage\":\"es\"},{\"@type\":\"Organization\",\"@id\":\"https:\/\/uninomadasur.net\/#organization\",\"name\":\"UninomadaSUR\",\"url\":\"https:\/\/uninomadasur.net\/\",\"logo\":{\"@type\":\"ImageObject\",\"inLanguage\":\"es\",\"@id\":\"https:\/\/uninomadasur.net\/#\/schema\/logo\/image\/\",\"url\":\"https:\/\/uninomadasur.net\/wp-content\/uploads\/2018\/09\/uni-logo.png\",\"contentUrl\":\"https:\/\/uninomadasur.net\/wp-content\/uploads\/2018\/09\/uni-logo.png\",\"width\":260,\"height\":94,\"caption\":\"UninomadaSUR\"},\"image\":{\"@id\":\"https:\/\/uninomadasur.net\/#\/schema\/logo\/image\/\"}}]}<\/script>\n<!-- \/ Yoast SEO plugin. -->","yoast_head_json":{"title":"Pol\u00edtica de privacidad - UninomadaSUR","robots":{"index":"index","follow":"follow","max-snippet":"max-snippet:-1","max-image-preview":"max-image-preview:large","max-video-preview":"max-video-preview:-1"},"canonical":"https:\/\/uninomadasur.net\/?page_id=35","og_locale":"es_ES","og_type":"article","og_title":"Pol\u00edtica de privacidad - UninomadaSUR","og_description":"Toda comunicaci\u00f3n con XXXXXXXXXXXXXXXX por cualquier medio o a trav\u00e9s de su direcci\u00f3n de correo electr\u00f3nico, o de los formularios presentes en este &#8216;web site&#8217; o a su &#8216;e-mail&#8217;, supone el consentimiento expreso para que sus datos personales sean incorporados a ficheros titularidad de XXXXXXXXXXXXXXXX, cuya direcci\u00f3n es XXXXXXXXXXXXXXXXXXXXXXXXXXXX. Estos datos de car\u00e1cter personal ser\u00e1n [&hellip;]","og_url":"https:\/\/uninomadasur.net\/?page_id=35","og_site_name":"UninomadaSUR","article_modified_time":"2017-04-09T21:34:35+00:00","twitter_card":"summary_large_image","twitter_misc":{"Tiempo de lectura":"1 minuto"},"schema":{"@context":"https:\/\/schema.org","@graph":[{"@type":"WebPage","@id":"https:\/\/uninomadasur.net\/?page_id=35","url":"https:\/\/uninomadasur.net\/?page_id=35","name":"Pol\u00edtica de privacidad - UninomadaSUR","isPartOf":{"@id":"https:\/\/uninomadasur.net\/#website"},"datePublished":"2013-11-11T11:03:41+00:00","dateModified":"2017-04-09T21:34:35+00:00","breadcrumb":{"@id":"https:\/\/uninomadasur.net\/?page_id=35#breadcrumb"},"inLanguage":"es","potentialAction":[{"@type":"ReadAction","target":["https:\/\/uninomadasur.net\/?page_id=35"]}]},{"@type":"BreadcrumbList","@id":"https:\/\/uninomadasur.net\/?page_id=35#breadcrumb","itemListElement":[{"@type":"ListItem","position":1,"name":"Inicio","item":"https:\/\/uninomadasur.net\/"},{"@type":"ListItem","position":2,"name":"Pol\u00edtica de privacidad"}]},{"@type":"WebSite","@id":"https:\/\/uninomadasur.net\/#website","url":"https:\/\/uninomadasur.net\/","name":"UninomadaSUR","description":"UninomadaSUR","publisher":{"@id":"https:\/\/uninomadasur.net\/#organization"},"potentialAction":[{"@type":"SearchAction","target":{"@type":"EntryPoint","urlTemplate":"https:\/\/uninomadasur.net\/?s={search_term_string}"},"query-input":{"@type":"PropertyValueSpecification","valueRequired":true,"valueName":"search_term_string"}}],"inLanguage":"es"},{"@type":"Organization","@id":"https:\/\/uninomadasur.net\/#organization","name":"UninomadaSUR","url":"https:\/\/uninomadasur.net\/","logo":{"@type":"ImageObject","inLanguage":"es","@id":"https:\/\/uninomadasur.net\/#\/schema\/logo\/image\/","url":"https:\/\/uninomadasur.net\/wp-content\/uploads\/2018\/09\/uni-logo.png","contentUrl":"https:\/\/uninomadasur.net\/wp-content\/uploads\/2018\/09\/uni-logo.png","width":260,"height":94,"caption":"UninomadaSUR"},"image":{"@id":"https:\/\/uninomadasur.net\/#\/schema\/logo\/image\/"}}]}},"jetpack_sharing_enabled":true,"jetpack_shortlink":"https:\/\/wp.me\/PaDeUS-z","_links":{"self":[{"href":"https:\/\/uninomadasur.net\/index.php?rest_route=\/wp\/v2\/pages\/35"}],"collection":[{"href":"https:\/\/uninomadasur.net\/index.php?rest_route=\/wp\/v2\/pages"}],"about":[{"href":"https:\/\/uninomadasur.net\/index.php?rest_route=\/wp\/v2\/types\/page"}],"author":[{"embeddable":true,"href":"https:\/\/uninomadasur.net\/index.php?rest_route=\/wp\/v2\/users\/1"}],"replies":[{"embeddable":true,"href":"https:\/\/uninomadasur.net\/index.php?rest_route=%2Fwp%2Fv2%2Fcomments&post=35"}],"version-history":[{"count":1,"href":"https:\/\/uninomadasur.net\/index.php?rest_route=\/wp\/v2\/pages\/35\/revisions"}],"predecessor-version":[{"id":51,"href":"https:\/\/uninomadasur.net\/index.php?rest_route=\/wp\/v2\/pages\/35\/revisions\/51"}],"wp:attachment":[{"href":"https:\/\/uninomadasur.net\/index.php?rest_route=%2Fwp%2Fv2%2Fmedia&parent=35"}],"curies":[{"name":"wp","href":"https:\/\/api.w.org\/{rel}","templated":true}]}}