{"id":6,"date":"2013-05-31T14:18:24","date_gmt":"2013-05-31T14:18:24","guid":{"rendered":"http:\/\/localhost\/webempresa\/packwordpress\/atlas\/?page_id=2"},"modified":"2018-09-15T19:12:26","modified_gmt":"2018-09-15T19:12:26","slug":"sobre-mi","status":"publish","type":"page","link":"https:\/\/uninomadasur.net\/?page_id=6","title":{"rendered":"Quienes somos"},"content":{"rendered":"<p><img loading=\"lazy\" decoding=\"async\" class=\"size-medium wp-image-109 alignright\" src=\"http:\/\/uninomadasur.net\/wp-content\/uploads\/2018\/08\/Captura-de-pantalla-2018-08-31-a-las-10.27.51-300x231.png\" alt=\"\" width=\"300\" height=\"231\" srcset=\"https:\/\/uninomadasur.net\/wp-content\/uploads\/2018\/08\/Captura-de-pantalla-2018-08-31-a-las-10.27.51-300x231.png 300w, https:\/\/uninomadasur.net\/wp-content\/uploads\/2018\/08\/Captura-de-pantalla-2018-08-31-a-las-10.27.51.png 389w\" sizes=\"(max-width: 300px) 100vw, 300px\" \/>La red Universidad N\u00f3mada Sur es un laboratorio pol\u00edtico abierto y en proceso constituido para la producci\u00f3n te\u00f3rica e intelectual de nuevos paradigmas no capitalistas y antixen\u00f3fobos, de perfil decolonial y sensibilidad ecofeminista que representa un estilo de militancia basado en los conceptos de multitud, enjambre, \u00e9xodo y producci\u00f3n de lo com\u00fan.<\/p>\n<p>Nos organizamos y nomadizamos de un modo aut\u00f3nomo, independientemente de un centro org\u00e1nico, una \u00absede\u00bb o cualquier tipo de organizaci\u00f3n r\u00edgida de principios, miembros o directivas.<\/p>\n<p>Unin\u00f3mada Sur busca contribuir a debates vinculados a los desaf\u00edos que debemos enfrentar desde el Sur tras el fracaso de las experiencias neodesarrollistas del ciclo progresista en Am\u00e9rica Latina.<\/p>\n<p>Consideramos que las luchas aut\u00f3nomas de resistencia en diferentes pa\u00edses son cada vez m\u00e1s importantes, y buscamos en base a ello generar un espacio plural de\u00a0debate sobre esas pr\u00e1cticas y nuevos desaf\u00edos.<\/p>\n<p>&nbsp;<\/p>\n","protected":false},"excerpt":{"rendered":"<p>La red Universidad N\u00f3mada Sur es un laboratorio pol\u00edtico abierto y en proceso constituido para la producci\u00f3n te\u00f3rica e intelectual de nuevos paradigmas no capitalistas y antixen\u00f3fobos, de perfil decolonial y sensibilidad ecofeminista que representa un estilo de militancia basado en los conceptos de multitud, enjambre, \u00e9xodo y producci\u00f3n de lo com\u00fan. Nos organizamos y [&hellip;]<\/p>\n","protected":false},"author":1,"featured_media":-1,"parent":0,"menu_order":0,"comment_status":"closed","ping_status":"closed","template":"page-full-width.php","meta":{"jetpack_post_was_ever_published":false,"footnotes":""},"class_list":["post-6","page","type-page","status-publish","has-post-thumbnail","hentry"],"yoast_head":"<!-- This site is optimized with the Yoast SEO plugin v23.4 - https:\/\/yoast.com\/wordpress\/plugins\/seo\/ -->\n<title>Quienes somos - UninomadaSUR<\/title>\n<meta name=\"robots\" content=\"index, follow, max-snippet:-1, max-image-preview:large, max-video-preview:-1\" \/>\n<link rel=\"canonical\" href=\"https:\/\/uninomadasur.net\/?page_id=6\" \/>\n<meta property=\"og:locale\" content=\"es_ES\" \/>\n<meta property=\"og:type\" content=\"article\" \/>\n<meta property=\"og:title\" content=\"Quienes somos - UninomadaSUR\" \/>\n<meta property=\"og:description\" content=\"La red Universidad N\u00f3mada Sur es un laboratorio pol\u00edtico abierto y en proceso constituido para la producci\u00f3n te\u00f3rica e intelectual de nuevos paradigmas no capitalistas y antixen\u00f3fobos, de perfil decolonial y sensibilidad ecofeminista que representa un estilo de militancia basado en los conceptos de multitud, enjambre, \u00e9xodo y producci\u00f3n de lo com\u00fan. Nos organizamos y [&hellip;]\" \/>\n<meta property=\"og:url\" content=\"https:\/\/uninomadasur.net\/?page_id=6\" \/>\n<meta property=\"og:site_name\" content=\"UninomadaSUR\" \/>\n<meta property=\"article:modified_time\" content=\"2018-09-15T19:12:26+00:00\" \/>\n<meta name=\"twitter:card\" content=\"summary_large_image\" \/>\n<meta name=\"twitter:label1\" content=\"Tiempo de lectura\" \/>\n\t<meta name=\"twitter:data1\" content=\"1 minuto\" \/>\n<script type=\"application\/ld+json\" class=\"yoast-schema-graph\">{\"@context\":\"https:\/\/schema.org\",\"@graph\":[{\"@type\":\"WebPage\",\"@id\":\"https:\/\/uninomadasur.net\/?page_id=6\",\"url\":\"https:\/\/uninomadasur.net\/?page_id=6\",\"name\":\"Quienes somos - UninomadaSUR\",\"isPartOf\":{\"@id\":\"https:\/\/uninomadasur.net\/#website\"},\"primaryImageOfPage\":{\"@id\":\"https:\/\/uninomadasur.net\/?page_id=6#primaryimage\"},\"image\":{\"@id\":\"https:\/\/uninomadasur.net\/?page_id=6#primaryimage\"},\"thumbnailUrl\":\"http:\/\/uninomadasur.net\/wp-content\/uploads\/2018\/08\/Captura-de-pantalla-2018-08-31-a-las-10.27.51-300x231.png\",\"datePublished\":\"2013-05-31T14:18:24+00:00\",\"dateModified\":\"2018-09-15T19:12:26+00:00\",\"breadcrumb\":{\"@id\":\"https:\/\/uninomadasur.net\/?page_id=6#breadcrumb\"},\"inLanguage\":\"es\",\"potentialAction\":[{\"@type\":\"ReadAction\",\"target\":[\"https:\/\/uninomadasur.net\/?page_id=6\"]}]},{\"@type\":\"ImageObject\",\"inLanguage\":\"es\",\"@id\":\"https:\/\/uninomadasur.net\/?page_id=6#primaryimage\",\"url\":\"https:\/\/uninomadasur.net\/wp-content\/uploads\/2018\/08\/Captura-de-pantalla-2018-08-31-a-las-10.27.51.png\",\"contentUrl\":\"https:\/\/uninomadasur.net\/wp-content\/uploads\/2018\/08\/Captura-de-pantalla-2018-08-31-a-las-10.27.51.png\",\"width\":389,\"height\":299},{\"@type\":\"BreadcrumbList\",\"@id\":\"https:\/\/uninomadasur.net\/?page_id=6#breadcrumb\",\"itemListElement\":[{\"@type\":\"ListItem\",\"position\":1,\"name\":\"Inicio\",\"item\":\"https:\/\/uninomadasur.net\/\"},{\"@type\":\"ListItem\",\"position\":2,\"name\":\"Quienes somos\"}]},{\"@type\":\"WebSite\",\"@id\":\"https:\/\/uninomadasur.net\/#website\",\"url\":\"https:\/\/uninomadasur.net\/\",\"name\":\"UninomadaSUR\",\"description\":\"UninomadaSUR\",\"publisher\":{\"@id\":\"https:\/\/uninomadasur.net\/#organization\"},\"potentialAction\":[{\"@type\":\"SearchAction\",\"target\":{\"@type\":\"EntryPoint\",\"urlTemplate\":\"https:\/\/uninomadasur.net\/?s={search_term_string}\"},\"query-input\":{\"@type\":\"PropertyValueSpecification\",\"valueRequired\":true,\"valueName\":\"search_term_string\"}}],\"inLanguage\":\"es\"},{\"@type\":\"Organization\",\"@id\":\"https:\/\/uninomadasur.net\/#organization\",\"name\":\"UninomadaSUR\",\"url\":\"https:\/\/uninomadasur.net\/\",\"logo\":{\"@type\":\"ImageObject\",\"inLanguage\":\"es\",\"@id\":\"https:\/\/uninomadasur.net\/#\/schema\/logo\/image\/\",\"url\":\"https:\/\/uninomadasur.net\/wp-content\/uploads\/2018\/09\/uni-logo.png\",\"contentUrl\":\"https:\/\/uninomadasur.net\/wp-content\/uploads\/2018\/09\/uni-logo.png\",\"width\":260,\"height\":94,\"caption\":\"UninomadaSUR\"},\"image\":{\"@id\":\"https:\/\/uninomadasur.net\/#\/schema\/logo\/image\/\"}}]}<\/script>\n<!-- \/ Yoast SEO plugin. -->","yoast_head_json":{"title":"Quienes somos - UninomadaSUR","robots":{"index":"index","follow":"follow","max-snippet":"max-snippet:-1","max-image-preview":"max-image-preview:large","max-video-preview":"max-video-preview:-1"},"canonical":"https:\/\/uninomadasur.net\/?page_id=6","og_locale":"es_ES","og_type":"article","og_title":"Quienes somos - UninomadaSUR","og_description":"La red Universidad N\u00f3mada Sur es un laboratorio pol\u00edtico abierto y en proceso constituido para la producci\u00f3n te\u00f3rica e intelectual de nuevos paradigmas no capitalistas y antixen\u00f3fobos, de perfil decolonial y sensibilidad ecofeminista que representa un estilo de militancia basado en los conceptos de multitud, enjambre, \u00e9xodo y producci\u00f3n de lo com\u00fan. Nos organizamos y [&hellip;]","og_url":"https:\/\/uninomadasur.net\/?page_id=6","og_site_name":"UninomadaSUR","article_modified_time":"2018-09-15T19:12:26+00:00","twitter_card":"summary_large_image","twitter_misc":{"Tiempo de lectura":"1 minuto"},"schema":{"@context":"https:\/\/schema.org","@graph":[{"@type":"WebPage","@id":"https:\/\/uninomadasur.net\/?page_id=6","url":"https:\/\/uninomadasur.net\/?page_id=6","name":"Quienes somos - UninomadaSUR","isPartOf":{"@id":"https:\/\/uninomadasur.net\/#website"},"primaryImageOfPage":{"@id":"https:\/\/uninomadasur.net\/?page_id=6#primaryimage"},"image":{"@id":"https:\/\/uninomadasur.net\/?page_id=6#primaryimage"},"thumbnailUrl":"http:\/\/uninomadasur.net\/wp-content\/uploads\/2018\/08\/Captura-de-pantalla-2018-08-31-a-las-10.27.51-300x231.png","datePublished":"2013-05-31T14:18:24+00:00","dateModified":"2018-09-15T19:12:26+00:00","breadcrumb":{"@id":"https:\/\/uninomadasur.net\/?page_id=6#breadcrumb"},"inLanguage":"es","potentialAction":[{"@type":"ReadAction","target":["https:\/\/uninomadasur.net\/?page_id=6"]}]},{"@type":"ImageObject","inLanguage":"es","@id":"https:\/\/uninomadasur.net\/?page_id=6#primaryimage","url":"https:\/\/uninomadasur.net\/wp-content\/uploads\/2018\/08\/Captura-de-pantalla-2018-08-31-a-las-10.27.51.png","contentUrl":"https:\/\/uninomadasur.net\/wp-content\/uploads\/2018\/08\/Captura-de-pantalla-2018-08-31-a-las-10.27.51.png","width":389,"height":299},{"@type":"BreadcrumbList","@id":"https:\/\/uninomadasur.net\/?page_id=6#breadcrumb","itemListElement":[{"@type":"ListItem","position":1,"name":"Inicio","item":"https:\/\/uninomadasur.net\/"},{"@type":"ListItem","position":2,"name":"Quienes somos"}]},{"@type":"WebSite","@id":"https:\/\/uninomadasur.net\/#website","url":"https:\/\/uninomadasur.net\/","name":"UninomadaSUR","description":"UninomadaSUR","publisher":{"@id":"https:\/\/uninomadasur.net\/#organization"},"potentialAction":[{"@type":"SearchAction","target":{"@type":"EntryPoint","urlTemplate":"https:\/\/uninomadasur.net\/?s={search_term_string}"},"query-input":{"@type":"PropertyValueSpecification","valueRequired":true,"valueName":"search_term_string"}}],"inLanguage":"es"},{"@type":"Organization","@id":"https:\/\/uninomadasur.net\/#organization","name":"UninomadaSUR","url":"https:\/\/uninomadasur.net\/","logo":{"@type":"ImageObject","inLanguage":"es","@id":"https:\/\/uninomadasur.net\/#\/schema\/logo\/image\/","url":"https:\/\/uninomadasur.net\/wp-content\/uploads\/2018\/09\/uni-logo.png","contentUrl":"https:\/\/uninomadasur.net\/wp-content\/uploads\/2018\/09\/uni-logo.png","width":260,"height":94,"caption":"UninomadaSUR"},"image":{"@id":"https:\/\/uninomadasur.net\/#\/schema\/logo\/image\/"}}]}},"jetpack_sharing_enabled":true,"jetpack_shortlink":"https:\/\/wp.me\/PaDeUS-6","_links":{"self":[{"href":"https:\/\/uninomadasur.net\/index.php?rest_route=\/wp\/v2\/pages\/6"}],"collection":[{"href":"https:\/\/uninomadasur.net\/index.php?rest_route=\/wp\/v2\/pages"}],"about":[{"href":"https:\/\/uninomadasur.net\/index.php?rest_route=\/wp\/v2\/types\/page"}],"author":[{"embeddable":true,"href":"https:\/\/uninomadasur.net\/index.php?rest_route=\/wp\/v2\/users\/1"}],"replies":[{"embeddable":true,"href":"https:\/\/uninomadasur.net\/index.php?rest_route=%2Fwp%2Fv2%2Fcomments&post=6"}],"version-history":[{"count":6,"href":"https:\/\/uninomadasur.net\/index.php?rest_route=\/wp\/v2\/pages\/6\/revisions"}],"predecessor-version":[{"id":154,"href":"https:\/\/uninomadasur.net\/index.php?rest_route=\/wp\/v2\/pages\/6\/revisions\/154"}],"wp:featuredmedia":[{"embeddable":true,"href":"https:\/\/uninomadasur.net\/index.php?rest_route=\/"}],"wp:attachment":[{"href":"https:\/\/uninomadasur.net\/index.php?rest_route=%2Fwp%2Fv2%2Fmedia&parent=6"}],"curies":[{"name":"wp","href":"https:\/\/api.w.org\/{rel}","templated":true}]}}