{"id":8,"date":"2013-11-08T17:56:18","date_gmt":"2013-11-08T17:56:18","guid":{"rendered":"http:\/\/localhost\/webempresa\/packwordpress\/atlas\/?page_id=8"},"modified":"2018-09-15T18:45:41","modified_gmt":"2018-09-15T18:45:41","slug":"servicios","status":"publish","type":"page","link":"https:\/\/uninomadasur.net\/?page_id=8","title":{"rendered":"Que hacemos"},"content":{"rendered":"<p><img loading=\"lazy\" decoding=\"async\" class=\"size-medium wp-image-109 alignright\" src=\"http:\/\/uninomadasur.net\/wp-content\/uploads\/2018\/08\/Captura-de-pantalla-2018-08-31-a-las-10.27.51-300x231.png\" alt=\"\" width=\"300\" height=\"231\" srcset=\"https:\/\/uninomadasur.net\/wp-content\/uploads\/2018\/08\/Captura-de-pantalla-2018-08-31-a-las-10.27.51-300x231.png 300w, https:\/\/uninomadasur.net\/wp-content\/uploads\/2018\/08\/Captura-de-pantalla-2018-08-31-a-las-10.27.51.png 389w\" sizes=\"(max-width: 300px) 100vw, 300px\" \/>La Universidad N\u00f3mada Sur es una agencia pol\u00edtico-intelectual activa.<\/p>\n<p>Pretendemos incrementar nuestra capacidad de acci\u00f3n p\u00fablica mediante la creaci\u00f3n de un think-tank para la producci\u00f3n, difusi\u00f3n y presentaci\u00f3n del pensamiento cr\u00edtico global y de propuestas anal\u00edticas de la realidad social mediante la organizaci\u00f3n e interrelaci\u00f3n de sus cuatro \u00e1reas fundamentales de trabajo: editorial y publicaci\u00f3n de textos, seminarios de formaci\u00f3n, proyectos de investigaci\u00f3n e intervenci\u00f3n p\u00fablica.<\/p>\n<p>El objetivo de la Universidad N\u00f3mada Sur es explorar las posibilidades de construir \u00e1reas de producci\u00f3n pol\u00edtica entre las instituciones sociales y la militancia, as\u00ed como promover la constituci\u00f3n de nuevas formas de elaboraci\u00f3n te\u00f3rica y pr\u00e1ctica com\u00fan.<\/p>\n","protected":false},"excerpt":{"rendered":"<p>La Universidad N\u00f3mada Sur es una agencia pol\u00edtico-intelectual activa. Pretendemos incrementar nuestra capacidad de acci\u00f3n p\u00fablica mediante la creaci\u00f3n de un think-tank para la producci\u00f3n, difusi\u00f3n y presentaci\u00f3n del pensamiento cr\u00edtico global y de propuestas anal\u00edticas de la realidad social mediante la organizaci\u00f3n e interrelaci\u00f3n de sus cuatro \u00e1reas fundamentales de trabajo: editorial y publicaci\u00f3n [&hellip;]<\/p>\n","protected":false},"author":1,"featured_media":-1,"parent":0,"menu_order":0,"comment_status":"closed","ping_status":"closed","template":"page-full-width.php","meta":{"jetpack_post_was_ever_published":false,"footnotes":""},"class_list":["post-8","page","type-page","status-publish","has-post-thumbnail","hentry"],"yoast_head":"<!-- This site is optimized with the Yoast SEO plugin v23.4 - https:\/\/yoast.com\/wordpress\/plugins\/seo\/ -->\n<title>Que hacemos - UninomadaSUR<\/title>\n<meta name=\"robots\" content=\"index, follow, max-snippet:-1, max-image-preview:large, max-video-preview:-1\" \/>\n<link rel=\"canonical\" href=\"https:\/\/uninomadasur.net\/?page_id=8\" \/>\n<meta property=\"og:locale\" content=\"es_ES\" \/>\n<meta property=\"og:type\" content=\"article\" \/>\n<meta property=\"og:title\" content=\"Que hacemos - UninomadaSUR\" \/>\n<meta property=\"og:description\" content=\"La Universidad N\u00f3mada Sur es una agencia pol\u00edtico-intelectual activa. Pretendemos incrementar nuestra capacidad de acci\u00f3n p\u00fablica mediante la creaci\u00f3n de un think-tank para la producci\u00f3n, difusi\u00f3n y presentaci\u00f3n del pensamiento cr\u00edtico global y de propuestas anal\u00edticas de la realidad social mediante la organizaci\u00f3n e interrelaci\u00f3n de sus cuatro \u00e1reas fundamentales de trabajo: editorial y publicaci\u00f3n [&hellip;]\" \/>\n<meta property=\"og:url\" content=\"https:\/\/uninomadasur.net\/?page_id=8\" \/>\n<meta property=\"og:site_name\" content=\"UninomadaSUR\" \/>\n<meta property=\"article:modified_time\" content=\"2018-09-15T18:45:41+00:00\" \/>\n<meta name=\"twitter:card\" content=\"summary_large_image\" \/>\n<meta name=\"twitter:label1\" content=\"Tiempo de lectura\" \/>\n\t<meta name=\"twitter:data1\" content=\"1 minuto\" \/>\n<script type=\"application\/ld+json\" class=\"yoast-schema-graph\">{\"@context\":\"https:\/\/schema.org\",\"@graph\":[{\"@type\":\"WebPage\",\"@id\":\"https:\/\/uninomadasur.net\/?page_id=8\",\"url\":\"https:\/\/uninomadasur.net\/?page_id=8\",\"name\":\"Que hacemos - UninomadaSUR\",\"isPartOf\":{\"@id\":\"https:\/\/uninomadasur.net\/#website\"},\"primaryImageOfPage\":{\"@id\":\"https:\/\/uninomadasur.net\/?page_id=8#primaryimage\"},\"image\":{\"@id\":\"https:\/\/uninomadasur.net\/?page_id=8#primaryimage\"},\"thumbnailUrl\":\"http:\/\/uninomadasur.net\/wp-content\/uploads\/2018\/08\/Captura-de-pantalla-2018-08-31-a-las-10.27.51-300x231.png\",\"datePublished\":\"2013-11-08T17:56:18+00:00\",\"dateModified\":\"2018-09-15T18:45:41+00:00\",\"breadcrumb\":{\"@id\":\"https:\/\/uninomadasur.net\/?page_id=8#breadcrumb\"},\"inLanguage\":\"es\",\"potentialAction\":[{\"@type\":\"ReadAction\",\"target\":[\"https:\/\/uninomadasur.net\/?page_id=8\"]}]},{\"@type\":\"ImageObject\",\"inLanguage\":\"es\",\"@id\":\"https:\/\/uninomadasur.net\/?page_id=8#primaryimage\",\"url\":\"https:\/\/uninomadasur.net\/wp-content\/uploads\/2018\/08\/Captura-de-pantalla-2018-08-31-a-las-10.27.51.png\",\"contentUrl\":\"https:\/\/uninomadasur.net\/wp-content\/uploads\/2018\/08\/Captura-de-pantalla-2018-08-31-a-las-10.27.51.png\",\"width\":389,\"height\":299},{\"@type\":\"BreadcrumbList\",\"@id\":\"https:\/\/uninomadasur.net\/?page_id=8#breadcrumb\",\"itemListElement\":[{\"@type\":\"ListItem\",\"position\":1,\"name\":\"Inicio\",\"item\":\"https:\/\/uninomadasur.net\/\"},{\"@type\":\"ListItem\",\"position\":2,\"name\":\"Que hacemos\"}]},{\"@type\":\"WebSite\",\"@id\":\"https:\/\/uninomadasur.net\/#website\",\"url\":\"https:\/\/uninomadasur.net\/\",\"name\":\"UninomadaSUR\",\"description\":\"UninomadaSUR\",\"publisher\":{\"@id\":\"https:\/\/uninomadasur.net\/#organization\"},\"potentialAction\":[{\"@type\":\"SearchAction\",\"target\":{\"@type\":\"EntryPoint\",\"urlTemplate\":\"https:\/\/uninomadasur.net\/?s={search_term_string}\"},\"query-input\":{\"@type\":\"PropertyValueSpecification\",\"valueRequired\":true,\"valueName\":\"search_term_string\"}}],\"inLanguage\":\"es\"},{\"@type\":\"Organization\",\"@id\":\"https:\/\/uninomadasur.net\/#organization\",\"name\":\"UninomadaSUR\",\"url\":\"https:\/\/uninomadasur.net\/\",\"logo\":{\"@type\":\"ImageObject\",\"inLanguage\":\"es\",\"@id\":\"https:\/\/uninomadasur.net\/#\/schema\/logo\/image\/\",\"url\":\"https:\/\/uninomadasur.net\/wp-content\/uploads\/2018\/09\/uni-logo.png\",\"contentUrl\":\"https:\/\/uninomadasur.net\/wp-content\/uploads\/2018\/09\/uni-logo.png\",\"width\":260,\"height\":94,\"caption\":\"UninomadaSUR\"},\"image\":{\"@id\":\"https:\/\/uninomadasur.net\/#\/schema\/logo\/image\/\"}}]}<\/script>\n<!-- \/ Yoast SEO plugin. -->","yoast_head_json":{"title":"Que hacemos - UninomadaSUR","robots":{"index":"index","follow":"follow","max-snippet":"max-snippet:-1","max-image-preview":"max-image-preview:large","max-video-preview":"max-video-preview:-1"},"canonical":"https:\/\/uninomadasur.net\/?page_id=8","og_locale":"es_ES","og_type":"article","og_title":"Que hacemos - UninomadaSUR","og_description":"La Universidad N\u00f3mada Sur es una agencia pol\u00edtico-intelectual activa. Pretendemos incrementar nuestra capacidad de acci\u00f3n p\u00fablica mediante la creaci\u00f3n de un think-tank para la producci\u00f3n, difusi\u00f3n y presentaci\u00f3n del pensamiento cr\u00edtico global y de propuestas anal\u00edticas de la realidad social mediante la organizaci\u00f3n e interrelaci\u00f3n de sus cuatro \u00e1reas fundamentales de trabajo: editorial y publicaci\u00f3n [&hellip;]","og_url":"https:\/\/uninomadasur.net\/?page_id=8","og_site_name":"UninomadaSUR","article_modified_time":"2018-09-15T18:45:41+00:00","twitter_card":"summary_large_image","twitter_misc":{"Tiempo de lectura":"1 minuto"},"schema":{"@context":"https:\/\/schema.org","@graph":[{"@type":"WebPage","@id":"https:\/\/uninomadasur.net\/?page_id=8","url":"https:\/\/uninomadasur.net\/?page_id=8","name":"Que hacemos - UninomadaSUR","isPartOf":{"@id":"https:\/\/uninomadasur.net\/#website"},"primaryImageOfPage":{"@id":"https:\/\/uninomadasur.net\/?page_id=8#primaryimage"},"image":{"@id":"https:\/\/uninomadasur.net\/?page_id=8#primaryimage"},"thumbnailUrl":"http:\/\/uninomadasur.net\/wp-content\/uploads\/2018\/08\/Captura-de-pantalla-2018-08-31-a-las-10.27.51-300x231.png","datePublished":"2013-11-08T17:56:18+00:00","dateModified":"2018-09-15T18:45:41+00:00","breadcrumb":{"@id":"https:\/\/uninomadasur.net\/?page_id=8#breadcrumb"},"inLanguage":"es","potentialAction":[{"@type":"ReadAction","target":["https:\/\/uninomadasur.net\/?page_id=8"]}]},{"@type":"ImageObject","inLanguage":"es","@id":"https:\/\/uninomadasur.net\/?page_id=8#primaryimage","url":"https:\/\/uninomadasur.net\/wp-content\/uploads\/2018\/08\/Captura-de-pantalla-2018-08-31-a-las-10.27.51.png","contentUrl":"https:\/\/uninomadasur.net\/wp-content\/uploads\/2018\/08\/Captura-de-pantalla-2018-08-31-a-las-10.27.51.png","width":389,"height":299},{"@type":"BreadcrumbList","@id":"https:\/\/uninomadasur.net\/?page_id=8#breadcrumb","itemListElement":[{"@type":"ListItem","position":1,"name":"Inicio","item":"https:\/\/uninomadasur.net\/"},{"@type":"ListItem","position":2,"name":"Que hacemos"}]},{"@type":"WebSite","@id":"https:\/\/uninomadasur.net\/#website","url":"https:\/\/uninomadasur.net\/","name":"UninomadaSUR","description":"UninomadaSUR","publisher":{"@id":"https:\/\/uninomadasur.net\/#organization"},"potentialAction":[{"@type":"SearchAction","target":{"@type":"EntryPoint","urlTemplate":"https:\/\/uninomadasur.net\/?s={search_term_string}"},"query-input":{"@type":"PropertyValueSpecification","valueRequired":true,"valueName":"search_term_string"}}],"inLanguage":"es"},{"@type":"Organization","@id":"https:\/\/uninomadasur.net\/#organization","name":"UninomadaSUR","url":"https:\/\/uninomadasur.net\/","logo":{"@type":"ImageObject","inLanguage":"es","@id":"https:\/\/uninomadasur.net\/#\/schema\/logo\/image\/","url":"https:\/\/uninomadasur.net\/wp-content\/uploads\/2018\/09\/uni-logo.png","contentUrl":"https:\/\/uninomadasur.net\/wp-content\/uploads\/2018\/09\/uni-logo.png","width":260,"height":94,"caption":"UninomadaSUR"},"image":{"@id":"https:\/\/uninomadasur.net\/#\/schema\/logo\/image\/"}}]}},"jetpack_sharing_enabled":true,"jetpack_shortlink":"https:\/\/wp.me\/PaDeUS-8","_links":{"self":[{"href":"https:\/\/uninomadasur.net\/index.php?rest_route=\/wp\/v2\/pages\/8"}],"collection":[{"href":"https:\/\/uninomadasur.net\/index.php?rest_route=\/wp\/v2\/pages"}],"about":[{"href":"https:\/\/uninomadasur.net\/index.php?rest_route=\/wp\/v2\/types\/page"}],"author":[{"embeddable":true,"href":"https:\/\/uninomadasur.net\/index.php?rest_route=\/wp\/v2\/users\/1"}],"replies":[{"embeddable":true,"href":"https:\/\/uninomadasur.net\/index.php?rest_route=%2Fwp%2Fv2%2Fcomments&post=8"}],"version-history":[{"count":3,"href":"https:\/\/uninomadasur.net\/index.php?rest_route=\/wp\/v2\/pages\/8\/revisions"}],"predecessor-version":[{"id":147,"href":"https:\/\/uninomadasur.net\/index.php?rest_route=\/wp\/v2\/pages\/8\/revisions\/147"}],"wp:featuredmedia":[{"embeddable":true,"href":"https:\/\/uninomadasur.net\/index.php?rest_route=\/"}],"wp:attachment":[{"href":"https:\/\/uninomadasur.net\/index.php?rest_route=%2Fwp%2Fv2%2Fmedia&parent=8"}],"curies":[{"name":"wp","href":"https:\/\/api.w.org\/{rel}","templated":true}]}}